{"id":10629,"date":"2022-08-11T03:31:15","date_gmt":"2022-08-11T03:31:15","guid":{"rendered":"https:\/\/awelle.co\/quienes-somos\/"},"modified":"2025-04-05T15:39:06","modified_gmt":"2025-04-05T15:39:06","slug":"quienes-somos","status":"publish","type":"page","link":"https:\/\/awelle.co\/es\/quienes-somos\/","title":{"rendered":"Qui\u00e9nes somos"},"content":{"rendered":"\t\t<div data-elementor-type=\"wp-page\" data-elementor-id=\"10629\" class=\"elementor elementor-10629 elementor-7665\" data-elementor-settings=\"{&quot;ha_cmc_init_switcher&quot;:&quot;no&quot;}\">\n\t\t\t\t<div class=\"elementor-element elementor-element-c4afea1 e-flex e-con-boxed qodef-elementor-content-no e-con e-parent\" data-id=\"c4afea1\" data-element_type=\"container\" data-settings=\"{&quot;background_background&quot;:&quot;video&quot;,&quot;background_video_link&quot;:&quot;https:\\\/\\\/youtu.be\\\/Yspww3A8J2I&quot;,&quot;background_video_start&quot;:2,&quot;background_play_on_mobile&quot;:&quot;yes&quot;,&quot;background_privacy_mode&quot;:&quot;yes&quot;,&quot;_ha_eqh_enable&quot;:false}\">\n\t\t\t\t\t<div class=\"e-con-inner\">\n\t\t<div class=\"elementor-background-video-container\" aria-hidden=\"true\">\n\t\t\t\t\t\t\t<div class=\"elementor-background-video-embed\"><\/div>\n\t\t\t\t\t\t<\/div>\t\t\t<\/div>\n\t\t\t\t<\/div>\n\t\t<div class=\"elementor-element elementor-element-b6367b5 qodef-elementor-content-grid e-con-full e-flex e-con e-parent\" data-id=\"b6367b5\" data-element_type=\"container\" data-settings=\"{&quot;background_background&quot;:&quot;classic&quot;,&quot;_ha_eqh_enable&quot;:false}\">\n\t\t<div class=\"elementor-element elementor-element-8719a2f e-con-full e-flex qodef-elementor-content-no e-con e-child\" data-id=\"8719a2f\" data-element_type=\"container\" data-settings=\"{&quot;_ha_eqh_enable&quot;:false}\">\n\t\t\t\t<div class=\"elementor-element elementor-element-09f71c4 elementor-widget__width-inherit elementor-widget-tablet__width-initial elementor-widget-mobile__width-inherit elementor-widget elementor-widget-gracey_core_info_section\" data-id=\"09f71c4\" data-element_type=\"widget\" data-widget_type=\"gracey_core_info_section.default\">\n\t\t\t\t<div class=\"elementor-widget-container\">\n\t\t\t\t\t<div class=\"qodef-shortcode qodef-m repertoire qodef-info-section qodef-layout--background-text qodef-alignment--center qodef-background-text-pos--top-left\">\n\t<div class=\"qodef-m-background-text\">\n\t\t\t<\/div>\n\t<div class=\"qodef-m-info\">\n\t\t\n\t\t\t<h3 class=\"qodef-m-title\" >\n\t\tnuestro repertorio<br \/> es nuestra esencia\t<\/h3>\n\t\t\t\t\t<\/div>\n<\/div>\n\t\t\t\t<\/div>\n\t\t\t\t<\/div>\n\t\t\t\t<div class=\"elementor-element elementor-element-78c575b elementor-widget__width-inherit elementor-widget-tablet__width-initial elementor-widget-mobile__width-inherit elementor-widget elementor-widget-gracey_core_info_section\" data-id=\"78c575b\" data-element_type=\"widget\" data-widget_type=\"gracey_core_info_section.default\">\n\t\t\t\t<div class=\"elementor-widget-container\">\n\t\t\t\t\t<div class=\"qodef-shortcode qodef-m qodef-info-section qodef-layout--background-text qodef-alignment--center qodef-background-text-pos--top-left\">\n\t<div class=\"qodef-m-background-text\">\n\t\t\t<\/div>\n\t<div class=\"qodef-m-info\">\n\t\t\n\t\t\t\t\t\t\t<\/div>\n<\/div>\n\t\t\t\t<\/div>\n\t\t\t\t<\/div>\n\t\t\t\t<\/div>\n\t\t<div class=\"elementor-element elementor-element-419043d elementor-hidden-tablet elementor-hidden-phone e-con-full e-flex qodef-elementor-content-no e-con e-child\" data-id=\"419043d\" data-element_type=\"container\" data-settings=\"{&quot;_ha_eqh_enable&quot;:false}\">\n\t\t\t\t<div class=\"elementor-element elementor-element-92c006c elementor-widget__width-initial elementor-widget-tablet__width-initial elementor-widget elementor-widget-text-editor\" data-id=\"92c006c\" data-element_type=\"widget\" data-widget_type=\"text-editor.default\">\n\t\t\t\t<div class=\"elementor-widget-container\">\n\t\t\t\t\t\t\t\t\t<p>Somos una consultor\u00eda asociativa pionera en la que convergen mentes extraordinarias para elaborar proyectos a medida que encienden la colaboraci\u00f3n y desaf\u00edan a las comunidades.<\/p>\n\t\t\t\t\t\t\t\t<\/div>\n\t\t\t\t<\/div>\n\t\t\t\t<\/div>\n\t\t\t\t<\/div>\n\t\t<div class=\"elementor-element elementor-element-aa662c1 e-flex e-con-boxed qodef-elementor-content-no e-con e-parent\" data-id=\"aa662c1\" data-element_type=\"container\" data-settings=\"{&quot;background_background&quot;:&quot;classic&quot;,&quot;_ha_eqh_enable&quot;:false}\">\n\t\t\t\t\t<div class=\"e-con-inner\">\n\t\t<div class=\"elementor-element elementor-element-da3aada e-con-full e-flex qodef-elementor-content-no e-con e-child\" data-id=\"da3aada\" data-element_type=\"container\" data-settings=\"{&quot;background_background&quot;:&quot;classic&quot;,&quot;_ha_eqh_enable&quot;:false}\">\n\t\t\t\t<div class=\"elementor-element elementor-element-673509f elementor-widget elementor-widget-image\" data-id=\"673509f\" data-element_type=\"widget\" data-widget_type=\"image.default\">\n\t\t\t\t<div class=\"elementor-widget-container\">\n\t\t\t\t\t\t\t\t\t\t\t\t\t\t\t<img decoding=\"async\" src=\"https:\/\/awelle.co\/wp-content\/uploads\/2022\/05\/Site1.png\" title=\"Site1\" alt=\"Site1\" loading=\"lazy\" \/>\t\t\t\t\t\t\t\t\t\t\t\t\t\t\t<\/div>\n\t\t\t\t<\/div>\n\t\t\t\t<div class=\"elementor-element elementor-element-4c6c3d5 elementor-widget__width-inherit elementor-widget-tablet__width-initial elementor-widget-mobile__width-inherit elementor-widget elementor-widget-gracey_core_info_section\" data-id=\"4c6c3d5\" data-element_type=\"widget\" data-widget_type=\"gracey_core_info_section.default\">\n\t\t\t\t<div class=\"elementor-widget-container\">\n\t\t\t\t\t<div class=\"qodef-shortcode qodef-m qodef-info-section qodef-layout--background-text qodef-alignment--left qodef-background-text-pos--top-left\">\n\t<div class=\"qodef-m-background-text\">\n\t\t\t<\/div>\n\t<div class=\"qodef-m-info\">\n\t\t\n\t\t\t<h6 class=\"qodef-m-title\" style=\"color: #151515\">\n\t\tNuestro trabajo est\u00e1 impulsado por la colaboraci\u00f3n, la creatividad, el inter\u00e9s por las personas y un enfoque sist\u00e9mico para la sostenibilidad. Esto nos ha llevado a nuestra nueva visi\u00f3n del desarrollo de proyectos, donde cada trayecto es \u00fanico. Para cada proyecto reunimos a un equipo de expertos con amplia experiencia que profundizan en los retos para co-crear programas a medida para nuestros clientes y sus asociados. \t<\/h6>\n\t\t\t\t\t<\/div>\n<\/div>\n\t\t\t\t<\/div>\n\t\t\t\t<\/div>\n\t\t\t\t<\/div>\n\t\t<div class=\"elementor-element elementor-element-490e5f5 e-con-full e-flex qodef-elementor-content-no e-con e-child\" data-id=\"490e5f5\" data-element_type=\"container\" data-settings=\"{&quot;background_background&quot;:&quot;classic&quot;,&quot;_ha_eqh_enable&quot;:false}\">\n\t\t\t\t<div class=\"elementor-element elementor-element-04a19dd elementor-widget elementor-widget-image\" data-id=\"04a19dd\" data-element_type=\"widget\" data-widget_type=\"image.default\">\n\t\t\t\t<div class=\"elementor-widget-container\">\n\t\t\t\t\t\t\t\t\t\t\t\t\t\t\t<img decoding=\"async\" src=\"https:\/\/awelle.co\/wp-content\/uploads\/2021\/08\/landing-intro-2-1.png\" title=\"landing-intro-2\" alt=\"landing-intro-2\" loading=\"lazy\" \/>\t\t\t\t\t\t\t\t\t\t\t\t\t\t\t<\/div>\n\t\t\t\t<\/div>\n\t\t\t\t<div class=\"elementor-element elementor-element-95576bb elementor-widget__width-inherit elementor-widget-tablet__width-initial elementor-widget-mobile__width-inherit elementor-widget elementor-widget-gracey_core_info_section\" data-id=\"95576bb\" data-element_type=\"widget\" data-widget_type=\"gracey_core_info_section.default\">\n\t\t\t\t<div class=\"elementor-widget-container\">\n\t\t\t\t\t<div class=\"qodef-shortcode qodef-m qodef-info-section qodef-layout--background-text qodef-alignment--left qodef-background-text-pos--top-left\">\n\t<div class=\"qodef-m-background-text\">\n\t\t\t<\/div>\n\t<div class=\"qodef-m-info\">\n\t\t\n\t\t\t<h4 class=\"qodef-m-title\" style=\"color: #151515\">\n\t\tLa regla general es sencilla: cada nuevo proyecto debe ser mejor que los anteriores. \t<\/h4>\n\t\t\t\t\t<\/div>\n<\/div>\n\t\t\t\t<\/div>\n\t\t\t\t<\/div>\n\t\t\t\t<\/div>\n\t\t\t\t\t<\/div>\n\t\t\t\t<\/div>\n\t\t<div class=\"elementor-element elementor-element-3f93712 e-flex e-con-boxed qodef-elementor-content-no e-con e-parent\" data-id=\"3f93712\" data-element_type=\"container\" data-settings=\"{&quot;background_background&quot;:&quot;classic&quot;,&quot;_ha_eqh_enable&quot;:false}\">\n\t\t\t\t\t<div class=\"e-con-inner\">\n\t\t<div class=\"elementor-element elementor-element-16d52d4 e-flex e-con-boxed qodef-elementor-content-no e-con e-child\" data-id=\"16d52d4\" data-element_type=\"container\" data-settings=\"{&quot;_ha_eqh_enable&quot;:false}\">\n\t\t\t\t\t<div class=\"e-con-inner\">\n\t\t\t\t<div class=\"elementor-element elementor-element-08a7570 elementor-widget elementor-widget-gracey_core_text_marquee\" data-id=\"08a7570\" data-element_type=\"widget\" data-settings=\"{&quot;_animation&quot;:&quot;none&quot;}\" data-widget_type=\"gracey_core_text_marquee.default\">\n\t\t\t\t<div class=\"elementor-widget-container\">\n\t\t\t\t\t<div class=\"qodef-shortcode qodef-m qodef-text-marquee qodef-layout--default\">\n\t<div class=\"qodef-m-content\" style=\"font-weight:600\">\n\t\t<div class=\"qodef-m-text qodef-text--original\">\n\t\t\t\t\t\t\t<span class=\"qodef-m-text--1\" style=\"color:#000000\">\n\t\t\t\t\tconozca parte de nuestra red de colaboradores.\t\t\t\t<\/span>\n\t\t\t\t\t<\/div>\n\t\t<div class=\"qodef-m-text qodef-text--copy\">\n\t\t\t\t\t\t\t<span class=\"qodef-m-text--1\" style=\"color:#000000\">\n\t\t\t\tconozca parte de nuestra red de colaboradores.\t\t\t\t<\/span>\n\t\t\t\t\t<\/div>\n\t<\/div>\n<\/div>\n\t\t\t\t<\/div>\n\t\t\t\t<\/div>\n\t\t\t\t<div class=\"elementor-element elementor-element-de2625f elementor-widget elementor-widget-gracey_core_team_list\" data-id=\"de2625f\" data-element_type=\"widget\" data-widget_type=\"gracey_core_team_list.default\">\n\t\t\t\t<div class=\"elementor-widget-container\">\n\t\t\t\t\t<div class=\"qodef-shortcode qodef-m qodef-team-list qodef-item-layout--info-below qodef-grid qodef-layout--columns qodef-gutter--normal qodef-col-num--6 qodef-item-layout--info-below qodef--no-bottom-space qodef-pagination--off qodef-responsive--predefined\" data-options=\"{&quot;plugin&quot;:&quot;gracey_core&quot;,&quot;module&quot;:&quot;post-types\\\/team\\\/shortcodes&quot;,&quot;shortcode&quot;:&quot;team-list&quot;,&quot;post_type&quot;:&quot;team&quot;,&quot;next_page&quot;:&quot;2&quot;,&quot;max_pages_num&quot;:1,&quot;behavior&quot;:&quot;columns&quot;,&quot;images_proportion&quot;:&quot;gracey_core_image_size_square&quot;,&quot;columns&quot;:&quot;6&quot;,&quot;columns_responsive&quot;:&quot;predefined&quot;,&quot;columns_1440&quot;:&quot;3&quot;,&quot;columns_1366&quot;:&quot;3&quot;,&quot;columns_1024&quot;:&quot;3&quot;,&quot;columns_768&quot;:&quot;3&quot;,&quot;columns_680&quot;:&quot;3&quot;,&quot;columns_480&quot;:&quot;3&quot;,&quot;space&quot;:&quot;normal&quot;,&quot;posts_per_page&quot;:&quot;20&quot;,&quot;orderby&quot;:&quot;title&quot;,&quot;order&quot;:&quot;DESC&quot;,&quot;layout&quot;:&quot;info-below&quot;,&quot;title_tag&quot;:&quot;h6&quot;,&quot;enable_filter&quot;:&quot;no&quot;,&quot;pagination_type&quot;:&quot;no-pagination&quot;,&quot;object_class_name&quot;:&quot;GraceyCore_Team_List_Shortcode&quot;,&quot;taxonomy_filter&quot;:&quot;team-category&quot;,&quot;additional_query_args&quot;:[],&quot;item_classes&quot;:&quot;qodef-e qodef-grid-item&quot;,&quot;space_value&quot;:15}\">\n\t\t<div class=\"qodef-grid-inner clear\">\n\t\t<div class=\"qodef-e qodef-grid-item post-10735 team type-team status-publish has-post-thumbnail hentry team-category-team\">\n\t<div class=\"qodef-e-inner\">\n\t\t<div class=\"qodef-e-image\">\n\t\t\t\t<div class=\"qodef-e-media-image\">\n\t\t\t\t\t<img fetchpriority=\"high\" decoding=\"async\" width=\"650\" height=\"650\" src=\"https:\/\/awelle.co\/wp-content\/uploads\/2022\/09\/20240504_Ensaio_Tai_e_Mari_0330.jpg-650x650.jpg\" class=\"attachment-gracey_core_image_size_square size-gracey_core_image_size_square wp-post-image\" alt=\"\" srcset=\"https:\/\/awelle.co\/wp-content\/uploads\/2022\/09\/20240504_Ensaio_Tai_e_Mari_0330.jpg-650x650.jpg 650w, https:\/\/awelle.co\/wp-content\/uploads\/2022\/09\/20240504_Ensaio_Tai_e_Mari_0330.jpg-150x150.jpg 150w, https:\/\/awelle.co\/wp-content\/uploads\/2022\/09\/20240504_Ensaio_Tai_e_Mari_0330.jpg-1300x1300.jpg 1300w\" sizes=\"(max-width: 650px) 100vw, 650px\" \/>\t\t\t<\/div>\n\t\t<\/div>\n\t\t<div class=\"qodef-e-content\" >\n\t\t\t\t\t\t<h6 itemprop=\"name\" class=\"qodef-e-title entry-title\" >\n\t\t\tTai\t<\/h6>\n\t\t\t\t\t\t\t\t<\/div>\n\t<\/div>\n<\/div>\n<div class=\"qodef-e qodef-grid-item post-10730 team type-team status-publish has-post-thumbnail hentry team-category-team\">\n\t<div class=\"qodef-e-inner\">\n\t\t<div class=\"qodef-e-image\">\n\t\t\t\t<div class=\"qodef-e-media-image\">\n\t\t\t\t\t<img decoding=\"async\" width=\"650\" height=\"650\" src=\"https:\/\/awelle.co\/wp-content\/uploads\/2024\/08\/1718597539515-650x650.jpeg\" class=\"attachment-gracey_core_image_size_square size-gracey_core_image_size_square wp-post-image\" alt=\"\" srcset=\"https:\/\/awelle.co\/wp-content\/uploads\/2024\/08\/1718597539515-650x650.jpeg 650w, https:\/\/awelle.co\/wp-content\/uploads\/2024\/08\/1718597539515-300x300.jpeg 300w, https:\/\/awelle.co\/wp-content\/uploads\/2024\/08\/1718597539515-150x150.jpeg 150w, https:\/\/awelle.co\/wp-content\/uploads\/2024\/08\/1718597539515-768x768.jpeg 768w, https:\/\/awelle.co\/wp-content\/uploads\/2024\/08\/1718597539515.jpeg 778w\" sizes=\"(max-width: 650px) 100vw, 650px\" \/>\t\t\t<\/div>\n\t\t<\/div>\n\t\t<div class=\"qodef-e-content\" >\n\t\t\t\t\t\t<h6 itemprop=\"name\" class=\"qodef-e-title entry-title\" >\n\t\t\tMirella\t<\/h6>\n\t\t\t\t\t\t\t\t<\/div>\n\t<\/div>\n<\/div>\n<div class=\"qodef-e qodef-grid-item post-10858 team type-team status-publish has-post-thumbnail hentry\">\n\t<div class=\"qodef-e-inner\">\n\t\t<div class=\"qodef-e-image\">\n\t\t\t\t<div class=\"qodef-e-media-image\">\n\t\t\t\t\t<img decoding=\"async\" width=\"650\" height=\"650\" src=\"https:\/\/awelle.co\/wp-content\/uploads\/2025\/06\/Imagem-do-WhatsApp-de-2025-06-07-as-20.44.31_9abd9d2d-650x650.jpg\" class=\"attachment-gracey_core_image_size_square size-gracey_core_image_size_square wp-post-image\" alt=\"\" srcset=\"https:\/\/awelle.co\/wp-content\/uploads\/2025\/06\/Imagem-do-WhatsApp-de-2025-06-07-as-20.44.31_9abd9d2d-650x650.jpg 650w, https:\/\/awelle.co\/wp-content\/uploads\/2025\/06\/Imagem-do-WhatsApp-de-2025-06-07-as-20.44.31_9abd9d2d-150x150.jpg 150w\" sizes=\"(max-width: 650px) 100vw, 650px\" \/>\t\t\t<\/div>\n\t\t<\/div>\n\t\t<div class=\"qodef-e-content\" >\n\t\t\t\t\t\t<h6 itemprop=\"name\" class=\"qodef-e-title entry-title\" >\n\t\t\tLuciana\t<\/h6>\n\t\t\t\t\t\t\t\t<\/div>\n\t<\/div>\n<\/div>\n<div class=\"qodef-e qodef-grid-item post-10731 team type-team status-publish has-post-thumbnail hentry team-category-team\">\n\t<div class=\"qodef-e-inner\">\n\t\t<div class=\"qodef-e-image\">\n\t\t\t\t<div class=\"qodef-e-media-image\">\n\t\t\t\t\t<img loading=\"lazy\" decoding=\"async\" width=\"650\" height=\"650\" src=\"https:\/\/awelle.co\/wp-content\/uploads\/2024\/08\/Imagem-do-WhatsApp-de-2024-08-21-as-19.01.03_5acf313f-e1724340741381-650x650.jpg\" class=\"attachment-gracey_core_image_size_square size-gracey_core_image_size_square wp-post-image\" alt=\"\" srcset=\"https:\/\/awelle.co\/wp-content\/uploads\/2024\/08\/Imagem-do-WhatsApp-de-2024-08-21-as-19.01.03_5acf313f-e1724340741381-650x650.jpg 650w, https:\/\/awelle.co\/wp-content\/uploads\/2024\/08\/Imagem-do-WhatsApp-de-2024-08-21-as-19.01.03_5acf313f-e1724340741381-150x150.jpg 150w\" sizes=\"(max-width: 650px) 100vw, 650px\" \/>\t\t\t<\/div>\n\t\t<\/div>\n\t\t<div class=\"qodef-e-content\" >\n\t\t\t\t\t\t<h6 itemprop=\"name\" class=\"qodef-e-title entry-title\" >\n\t\t\tLais\t<\/h6>\n\t\t\t\t\t\t\t\t<\/div>\n\t<\/div>\n<\/div>\n<div class=\"qodef-e qodef-grid-item post-10738 team type-team status-publish has-post-thumbnail hentry team-category-team\">\n\t<div class=\"qodef-e-inner\">\n\t\t<div class=\"qodef-e-image\">\n\t\t\t\t<div class=\"qodef-e-media-image\">\n\t\t\t\t\t<img loading=\"lazy\" decoding=\"async\" width=\"643\" height=\"643\" src=\"https:\/\/awelle.co\/wp-content\/uploads\/2022\/09\/1643392261037.jpg\" class=\"attachment-gracey_core_image_size_square size-gracey_core_image_size_square wp-post-image\" alt=\"\" srcset=\"https:\/\/awelle.co\/wp-content\/uploads\/2022\/09\/1643392261037.jpg 643w, https:\/\/awelle.co\/wp-content\/uploads\/2022\/09\/1643392261037-300x300.jpg 300w, https:\/\/awelle.co\/wp-content\/uploads\/2022\/09\/1643392261037-150x150.jpg 150w\" sizes=\"(max-width: 643px) 100vw, 643px\" \/>\t\t\t<\/div>\n\t\t<\/div>\n\t\t<div class=\"qodef-e-content\" >\n\t\t\t\t\t\t<h6 itemprop=\"name\" class=\"qodef-e-title entry-title\" >\n\t\t\tJulia\t<\/h6>\n\t\t\t\t\t\t\t\t<\/div>\n\t<\/div>\n<\/div>\n<div class=\"qodef-e qodef-grid-item post-10737 team type-team status-publish has-post-thumbnail hentry team-category-team\">\n\t<div class=\"qodef-e-inner\">\n\t\t<div class=\"qodef-e-image\">\n\t\t\t\t<div class=\"qodef-e-media-image\">\n\t\t\t\t\t<img loading=\"lazy\" decoding=\"async\" width=\"373\" height=\"373\" src=\"https:\/\/awelle.co\/wp-content\/uploads\/2022\/09\/1660137522254.jpg\" class=\"attachment-gracey_core_image_size_square size-gracey_core_image_size_square wp-post-image\" alt=\"\" srcset=\"https:\/\/awelle.co\/wp-content\/uploads\/2022\/09\/1660137522254.jpg 373w, https:\/\/awelle.co\/wp-content\/uploads\/2022\/09\/1660137522254-300x300.jpg 300w, https:\/\/awelle.co\/wp-content\/uploads\/2022\/09\/1660137522254-150x150.jpg 150w\" sizes=\"(max-width: 373px) 100vw, 373px\" \/>\t\t\t<\/div>\n\t\t<\/div>\n\t\t<div class=\"qodef-e-content\" >\n\t\t\t\t\t\t<h6 itemprop=\"name\" class=\"qodef-e-title entry-title\" >\n\t\t\tDorly\t<\/h6>\n\t\t\t\t\t\t\t\t<\/div>\n\t<\/div>\n<\/div>\n<div class=\"qodef-e qodef-grid-item post-10732 team type-team status-publish has-post-thumbnail hentry team-category-team\">\n\t<div class=\"qodef-e-inner\">\n\t\t<div class=\"qodef-e-image\">\n\t\t\t\t<div class=\"qodef-e-media-image\">\n\t\t\t\t\t<img loading=\"lazy\" decoding=\"async\" width=\"650\" height=\"650\" src=\"https:\/\/awelle.co\/wp-content\/uploads\/2024\/08\/Imagem-do-WhatsApp-de-2024-08-20-as-11.26.31_adb04f58-e1724341000724-650x650.jpg\" class=\"attachment-gracey_core_image_size_square size-gracey_core_image_size_square wp-post-image\" alt=\"\" srcset=\"https:\/\/awelle.co\/wp-content\/uploads\/2024\/08\/Imagem-do-WhatsApp-de-2024-08-20-as-11.26.31_adb04f58-e1724341000724-650x650.jpg 650w, https:\/\/awelle.co\/wp-content\/uploads\/2024\/08\/Imagem-do-WhatsApp-de-2024-08-20-as-11.26.31_adb04f58-e1724341000724-150x150.jpg 150w\" sizes=\"(max-width: 650px) 100vw, 650px\" \/>\t\t\t<\/div>\n\t\t<\/div>\n\t\t<div class=\"qodef-e-content\" >\n\t\t\t\t\t\t<h6 itemprop=\"name\" class=\"qodef-e-title entry-title\" >\n\t\t\tCarla\t<\/h6>\n\t\t\t\t\t\t\t\t<\/div>\n\t<\/div>\n<\/div>\n\t<\/div>\n\t<\/div>\n\t\t\t\t<\/div>\n\t\t\t\t<\/div>\n\t\t\t\t\t<\/div>\n\t\t\t\t<\/div>\n\t\t\t\t\t<\/div>\n\t\t\t\t<\/div>\n\t\t<div class=\"elementor-element elementor-element-8442682 e-flex e-con-boxed qodef-elementor-content-no e-con e-parent\" data-id=\"8442682\" data-element_type=\"container\" data-settings=\"{&quot;_ha_eqh_enable&quot;:false}\">\n\t\t\t\t\t<div class=\"e-con-inner\">\n\t\t\t\t<div class=\"elementor-element elementor-element-734b603 elementor-widget elementor-widget-gracey_core_call_to_action\" data-id=\"734b603\" data-element_type=\"widget\" data-widget_type=\"gracey_core_call_to_action.default\">\n\t\t\t\t<div class=\"elementor-widget-container\">\n\t\t\t\t\t<div class=\"qodef-shortcode qodef-m qodef-call-to-action qodef-layout--standard qodef-style--stretched\">\n\t<div class=\"qodef-m-inner\">\n                        \t<div class=\"qodef-m-button\">\n\t\t<a class=\"qodef-shortcode qodef-m qodef-button qodef-layout--filled qodef-html--link\" href=\"\" target=\"_self\"  >    <span class=\"qodef-btn-icon\"><svg  xmlns=\"http:\/\/www.w3.org\/2000\/svg\" xmlns:xlink=\"http:\/\/www.w3.org\/1999\/xlink\" x=\"0px\" y=\"0px\" width=\"28\" height=\"18\" viewBox=\"0 0 28 18\"  xml:space=\"preserve\"><path d=\"M27.6,8.5c-5.5,0-9.5-8.1-9.5-8.2C17.9,0,17.7,0,17.5,0.1c-0.2,0.1-0.3,0.4-0.1,0.7c0.1,0.3,2.7,5.5,6.7,7.7H0.4C0.2,8.5,0,8.7,0,9c0,0.3,0.2,0.5,0.4,0.5h23.7c-4,2.2-6.6,7.4-6.7,7.7c-0.1,0.2,0,0.5,0.1,0.7c0.2,0.1,0.4,0.1,0.6-0.2c0-0.1,4.1-8.2,9.5-8.2C27.8,9.5,28,9.3,28,9C28,8.7,27.8,8.5,27.6,8.5z\"\/><path d=\"M27.6,8.5c-5.5,0-9.5-8.1-9.5-8.2C17.9,0,17.7,0,17.5,0.1c-0.2,0.1-0.3,0.4-0.1,0.7c0.1,0.3,2.7,5.5,6.7,7.7H0.4C0.2,8.5,0,8.7,0,9c0,0.3,0.2,0.5,0.4,0.5h23.7c-4,2.2-6.6,7.4-6.7,7.7c-0.1,0.2,0,0.5,0.1,0.7c0.2,0.1,0.4,0.1,0.6-0.2c0-0.1,4.1-8.2,9.5-8.2C27.8,9.5,28,9.3,28,9C28,8.7,27.8,8.5,27.6,8.5z\"\/><\/svg><\/span>    <span class=\"qodef-m-text\"><\/span><\/a>\t<\/div>\n\t<\/div>\n<\/div>\n\t\t\t\t<\/div>\n\t\t\t\t<\/div>\n\t\t\t\t\t<\/div>\n\t\t\t\t<\/div>\n\t\t\t\t<section class=\"elementor-section elementor-top-section elementor-element elementor-element-4d9d5747 elementor-section-full_width elementor-section-stretched elementor-section-height-default elementor-section-height-default qodef-elementor-content-no\" data-id=\"4d9d5747\" data-element_type=\"section\" data-settings=\"{&quot;background_background&quot;:&quot;classic&quot;,&quot;stretch_section&quot;:&quot;section-stretched&quot;,&quot;animation&quot;:&quot;none&quot;,&quot;_ha_eqh_enable&quot;:false}\">\n\t\t\t\t\t\t<div class=\"elementor-container elementor-column-gap-default\">\n\t\t\t\t\t<div class=\"elementor-column elementor-col-100 elementor-top-column elementor-element elementor-element-58c6388b\" data-id=\"58c6388b\" data-element_type=\"column\" data-settings=\"{&quot;animation&quot;:&quot;none&quot;}\">\n\t\t\t<div class=\"elementor-widget-wrap\">\n\t\t\t\t\t\t\t<\/div>\n\t\t<\/div>\n\t\t\t\t\t<\/div>\n\t\t<\/section>\n\t\t\t\t<\/div>\n\t\t","protected":false},"excerpt":{"rendered":"<p>nuestro repertorio es nuestra esencia Somos una consultor\u00eda asociativa pionera en la que convergen mentes extraordinarias para elaborar proyectos a medida que encienden la colaboraci\u00f3n y desaf\u00edan a las comunidades. Nuestro trabajo est\u00e1 impulsado por la colaboraci\u00f3n, la creatividad, el inter\u00e9s por las personas y un enfoque sist\u00e9mico para la sostenibilidad. Esto nos ha llevado [&hellip;]<\/p>\n","protected":false},"author":1,"featured_media":0,"parent":0,"menu_order":0,"comment_status":"closed","ping_status":"closed","template":"page-full-width.php","meta":{"footnotes":""},"class_list":["post-10629","page","type-page","status-publish","hentry"],"_links":{"self":[{"href":"https:\/\/awelle.co\/es\/wp-json\/wp\/v2\/pages\/10629","targetHints":{"allow":["GET"]}}],"collection":[{"href":"https:\/\/awelle.co\/es\/wp-json\/wp\/v2\/pages"}],"about":[{"href":"https:\/\/awelle.co\/es\/wp-json\/wp\/v2\/types\/page"}],"author":[{"embeddable":true,"href":"https:\/\/awelle.co\/es\/wp-json\/wp\/v2\/users\/1"}],"replies":[{"embeddable":true,"href":"https:\/\/awelle.co\/es\/wp-json\/wp\/v2\/comments?post=10629"}],"version-history":[{"count":8,"href":"https:\/\/awelle.co\/es\/wp-json\/wp\/v2\/pages\/10629\/revisions"}],"predecessor-version":[{"id":10841,"href":"https:\/\/awelle.co\/es\/wp-json\/wp\/v2\/pages\/10629\/revisions\/10841"}],"wp:attachment":[{"href":"https:\/\/awelle.co\/es\/wp-json\/wp\/v2\/media?parent=10629"}],"curies":[{"name":"wp","href":"https:\/\/api.w.org\/{rel}","templated":true}]}}