{"id":10707,"date":"2023-12-02T14:25:49","date_gmt":"2023-12-02T14:25:49","guid":{"rendered":"https:\/\/awelle.co\/privacy-policy\/"},"modified":"2025-03-27T16:15:33","modified_gmt":"2025-03-27T16:15:33","slug":"privacy-policy","status":"publish","type":"page","link":"https:\/\/awelle.co\/es\/privacy-policy\/","title":{"rendered":"privacy-policy"},"content":{"rendered":"\t\t<div data-elementor-type=\"wp-page\" data-elementor-id=\"10707\" class=\"elementor elementor-10707 elementor-8836\" data-elementor-settings=\"{&quot;ha_cmc_init_switcher&quot;:&quot;no&quot;}\">\n\t\t\t\t<div class=\"elementor-element elementor-element-ef1348d e-flex e-con-boxed qodef-elementor-content-no e-con e-parent\" data-id=\"ef1348d\" data-element_type=\"container\" data-settings=\"{&quot;_ha_eqh_enable&quot;:false}\">\n\t\t\t\t\t<div class=\"e-con-inner\">\n\t\t\t\t<div class=\"elementor-element elementor-element-038c003 elementor-widget elementor-widget-gracey_core_section_title\" data-id=\"038c003\" data-element_type=\"widget\" data-widget_type=\"gracey_core_section_title.default\">\n\t\t\t\t<div class=\"elementor-widget-container\">\n\t\t\t\t\t<div class=\"qodef-shortcode qodef-m qodef-section-title qodef-alignment--left\">\n\t\t<h2 class=\"qodef-m-title\" >\n\t\t\t\t\tPRIVACY POLICIES\t\t\t<\/h2>\n\t<\/div>\n\t\t\t\t<\/div>\n\t\t\t\t<\/div>\n\t\t\t\t<div class=\"elementor-element elementor-element-7abfb00 elementor-widget elementor-widget-text-editor\" data-id=\"7abfb00\" data-element_type=\"widget\" data-widget_type=\"text-editor.default\">\n\t\t\t\t<div class=\"elementor-widget-container\">\n\t\t\t\t\t\t\t\t\t<p><em>\u00daltima actualizaci\u00f3n: 26 de junio de 2024<\/em><\/p>\n<\/p>\n<p>Gracias por visitar nuestro sitio web. Su privacidad es importante para nosotros. Esta pol\u00edtica de privacidad describe c\u00f3mo recopilamos, utilizamos y protegemos su informaci\u00f3n cuando visita nuestro sitio web y se suscribe a nuestro newsletter.<\/p>\n<h4>Informaci\u00f3n recogida<\/h4>\n<p>La \u00fanica informaci\u00f3n que recogemos de usted es la direcci\u00f3n de correo electr\u00f3nico que nos facilita cuando se pone en contacto con nosotros o se suscribe a nuestro newsletter.<\/p>\n<p>Si no desea seguir recibiendo nuestros newsletters, puede darse de baja en cualquier momento. Cada newsletter incluir\u00e1 un enlace para darse de baja, o puede ponerse en contacto directamente con nosotros para ser eliminado de nuestra lista de correo.<\/p>\n<h4>Servicios de terceros<\/h4>\n<p>Nuestro newsletter se gestiona a trav\u00e9s de Mailchimp, y su pol\u00edtica de privacidad se aplica a la informaci\u00f3n que nos facilitas. Consulte la pol\u00edtica de privacidad de Mailchimp para obtener m\u00e1s informaci\u00f3n sobre el tratamiento de sus datos.<\/p>\n<h4>Actualizaciones de la pol\u00edtica de privacidad<\/h4>\n<p>Podemos actualizar nuestra Pol\u00edtica de Privacidad de vez en cuando. Cualquier cambio se publicar\u00e1 en esta p\u00e1gina, y la fecha de la \u00faltima actualizaci\u00f3n se indicar\u00e1 en la parte superior de la pol\u00edtica.<\/p>\n<p>Al utilizar nuestro sitio web y suscribirse a nuestro newsletter, usted acepta los t\u00e9rminos descritos en esta Pol\u00edtica de Privacidad.<\/p>\n<p>Si tiene alguna pregunta o duda sobre nuestra Pol\u00edtica de privacidad, p\u00f3ngase en contacto con nosotros en hey@awelle.co.<\/p>\n<p>Gracias por confiarnos su informaci\u00f3n.<\/p>\n\t\t\t\t\t\t\t\t<\/div>\n\t\t\t\t<\/div>\n\t\t\t\t\t<\/div>\n\t\t\t\t<\/div>\n\t\t\t\t<\/div>\n\t\t","protected":false},"excerpt":{"rendered":"<p>PRIVACY POLICIES \u00daltima actualizaci\u00f3n: 26 de junio de 2024 Gracias por visitar nuestro sitio web. Su privacidad es importante para nosotros. Esta pol\u00edtica de privacidad describe c\u00f3mo recopilamos, utilizamos y protegemos su informaci\u00f3n cuando visita nuestro sitio web y se suscribe a nuestro newsletter. Informaci\u00f3n recogida La \u00fanica informaci\u00f3n que recogemos de usted es la [&hellip;]<\/p>\n","protected":false},"author":5,"featured_media":0,"parent":0,"menu_order":0,"comment_status":"closed","ping_status":"closed","template":"","meta":{"footnotes":""},"class_list":["post-10707","page","type-page","status-publish","hentry"],"_links":{"self":[{"href":"https:\/\/awelle.co\/es\/wp-json\/wp\/v2\/pages\/10707","targetHints":{"allow":["GET"]}}],"collection":[{"href":"https:\/\/awelle.co\/es\/wp-json\/wp\/v2\/pages"}],"about":[{"href":"https:\/\/awelle.co\/es\/wp-json\/wp\/v2\/types\/page"}],"author":[{"embeddable":true,"href":"https:\/\/awelle.co\/es\/wp-json\/wp\/v2\/users\/5"}],"replies":[{"embeddable":true,"href":"https:\/\/awelle.co\/es\/wp-json\/wp\/v2\/comments?post=10707"}],"version-history":[{"count":1,"href":"https:\/\/awelle.co\/es\/wp-json\/wp\/v2\/pages\/10707\/revisions"}],"predecessor-version":[{"id":10708,"href":"https:\/\/awelle.co\/es\/wp-json\/wp\/v2\/pages\/10707\/revisions\/10708"}],"wp:attachment":[{"href":"https:\/\/awelle.co\/es\/wp-json\/wp\/v2\/media?parent=10707"}],"curies":[{"name":"wp","href":"https:\/\/api.w.org\/{rel}","templated":true}]}}