{"id":10719,"date":"2022-08-11T03:33:07","date_gmt":"2022-08-11T03:33:07","guid":{"rendered":"https:\/\/awelle.co\/connect\/"},"modified":"2025-04-05T16:50:52","modified_gmt":"2025-04-05T16:50:52","slug":"connect","status":"publish","type":"page","link":"https:\/\/awelle.co\/es\/connect\/","title":{"rendered":"Connect"},"content":{"rendered":"\t\t<div data-elementor-type=\"wp-page\" data-elementor-id=\"10719\" class=\"elementor elementor-10719 elementor-7673\" data-elementor-settings=\"{&quot;ha_cmc_init_switcher&quot;:&quot;no&quot;}\">\n\t\t\t\t<div class=\"elementor-element elementor-element-83fb969 e-con-full e-flex qodef-elementor-content-no e-con e-parent\" data-id=\"83fb969\" data-element_type=\"container\" data-settings=\"{&quot;background_background&quot;:&quot;classic&quot;,&quot;_ha_eqh_enable&quot;:false}\">\n\t\t\t\t<\/div>\n\t\t\t\t<section class=\"elementor-section elementor-top-section elementor-element elementor-element-9cea4c3 elementor-section-full_width qodef-elementor-content-grid elementor-section-height-default elementor-section-height-default\" data-id=\"9cea4c3\" data-element_type=\"section\" data-settings=\"{&quot;_ha_eqh_enable&quot;:false}\">\n\t\t\t\t\t\t<div class=\"elementor-container elementor-column-gap-default\">\n\t\t\t\t\t<div class=\"elementor-column elementor-col-50 elementor-top-column elementor-element elementor-element-e408d8a\" data-id=\"e408d8a\" data-element_type=\"column\">\n\t\t\t<div class=\"elementor-widget-wrap elementor-element-populated\">\n\t\t\t\t\t\t<div class=\"elementor-element elementor-element-887229e elementor-widget__width-inherit elementor-widget-tablet__width-initial elementor-widget-mobile__width-inherit elementor-widget elementor-widget-gracey_core_info_section\" data-id=\"887229e\" data-element_type=\"widget\" data-widget_type=\"gracey_core_info_section.default\">\n\t\t\t\t<div class=\"elementor-widget-container\">\n\t\t\t\t\t<div class=\"qodef-shortcode qodef-m qodef-info-section qodef-layout--background-text qodef-alignment--left qodef-background-text-pos--top-left\">\n\t<div class=\"qodef-m-background-text\">\n\t\t\t<\/div>\n\t<div class=\"qodef-m-info\">\n\t\t\n\t\t\t<h2 class=\"qodef-m-title\" >\n\t\tescr\u00edbenos\t<\/h2>\n\t\t\t<p class=\"qodef-m-text\" style=\"font-size: 16px\">Nos encantar\u00eda saber de ti. Si tienes preguntas, comentarios o quieres explorar c\u00f3mo podemos trabajar juntos, no dudes en ponerte en contacto con nosotros. Nuestro equipo est\u00e1 aqu\u00ed para ayudarle y colaborar con usted. Solo tienes que rellenar el formulario, programar una llamada r\u00e1pida, enviarnos un correo electr\u00f3nico, sms, Whatsapp, y nos pondremos en contacto contigo lo antes posible.<\/p>\n\t\t\t<\/div>\n<\/div>\n\t\t\t\t<\/div>\n\t\t\t\t<\/div>\n\t\t\t\t<section class=\"elementor-section elementor-inner-section elementor-element elementor-element-b6cb25b elementor-section-full_width elementor-section-height-default elementor-section-height-default qodef-elementor-content-no\" data-id=\"b6cb25b\" data-element_type=\"section\" data-settings=\"{&quot;_ha_eqh_enable&quot;:false}\">\n\t\t\t\t\t\t<div class=\"elementor-container elementor-column-gap-default\">\n\t\t\t\t\t<div class=\"elementor-column elementor-col-100 elementor-inner-column elementor-element elementor-element-b2dd5d1\" data-id=\"b2dd5d1\" data-element_type=\"column\">\n\t\t\t<div class=\"elementor-widget-wrap elementor-element-populated\">\n\t\t\t\t\t\t<div class=\"elementor-element elementor-element-bd899f7 elementor-widget elementor-widget-text-editor\" data-id=\"bd899f7\" data-element_type=\"widget\" data-widget_type=\"text-editor.default\">\n\t\t\t\t<div class=\"elementor-widget-container\">\n\t\t\t\t\t\t\t\t\t<h5>am\u00e9rica del sur | europa | \u00e1frica oriental y +<\/h5>\t\t\t\t\t\t\t\t<\/div>\n\t\t\t\t<\/div>\n\t\t\t\t<div class=\"elementor-element elementor-element-5af03d6 elementor-widget__width-initial elementor-widget elementor-widget-text-editor\" data-id=\"5af03d6\" data-element_type=\"widget\" data-widget_type=\"text-editor.default\">\n\t\t\t\t<div class=\"elementor-widget-container\">\n\t\t\t\t\t\t\t\t\t<p style=\"margin-top: 0px;\">hey@awelle.co<br \/>+5521-98569-0779<\/p>\n\t\t\t\t\t\t\t\t<\/div>\n\t\t\t\t<\/div>\n\t\t\t\t<div class=\"elementor-element elementor-element-b37b427 elementor-widget elementor-widget-wp-widget-gracey_core_social_icons_group\" data-id=\"b37b427\" data-element_type=\"widget\" data-widget_type=\"wp-widget-gracey_core_social_icons_group.default\">\n\t\t\t\t<div class=\"elementor-widget-container\">\n\t\t\t\t\t<h5>tambi\u00e9n nos encontrar\u00e1 aqu\u00ed<\/h5>\t\t\t<div class=\"qodef-social-icons-group\">\n\t\t\t\t<span class=\"qodef-shortcode qodef-m qodef-icon-holder qodef-layout--normal\"  >\n\t\t\t<a itemprop=\"url\" href=\"https:\/\/www.linkedin.com\/company\/80357609\/\" target=\"_blank\">\n\t\t\t<span class=\"qodef-icon-font-awesome fab fa-linkedin qodef-icon qodef-e\" style=\"font-size: 22px\" ><\/span>\t\t\t<\/a>\n\t<\/span>\n<span class=\"qodef-shortcode qodef-m qodef-icon-holder qodef-layout--normal\"  >\n\t\t\t<a itemprop=\"url\" href=\"https:\/\/www.instagram.com\/awelle.co\/\" target=\"_blank\">\n\t\t\t<span class=\"qodef-icon-font-awesome fab fa-instagram qodef-icon qodef-e\" style=\"font-size: 22px\" ><\/span>\t\t\t<\/a>\n\t<\/span>\n\t\t\t<\/div>\n\t\t\t\t\t\t\t<\/div>\n\t\t\t\t<\/div>\n\t\t\t\t\t<\/div>\n\t\t<\/div>\n\t\t\t\t\t<\/div>\n\t\t<\/section>\n\t\t\t\t<section class=\"elementor-section elementor-inner-section elementor-element elementor-element-a31bd57 elementor-section-full_width elementor-section-height-default elementor-section-height-default qodef-elementor-content-no\" data-id=\"a31bd57\" data-element_type=\"section\" data-settings=\"{&quot;_ha_eqh_enable&quot;:false}\">\n\t\t\t\t\t\t<div class=\"elementor-container elementor-column-gap-default\">\n\t\t\t\t\t<div class=\"elementor-column elementor-col-100 elementor-inner-column elementor-element elementor-element-509aeca\" data-id=\"509aeca\" data-element_type=\"column\">\n\t\t\t<div class=\"elementor-widget-wrap elementor-element-populated\">\n\t\t\t\t\t\t<div class=\"elementor-element elementor-element-dfd0a7d elementor-widget elementor-widget-gracey_core_info_section\" data-id=\"dfd0a7d\" data-element_type=\"widget\" data-widget_type=\"gracey_core_info_section.default\">\n\t\t\t\t<div class=\"elementor-widget-container\">\n\t\t\t\t\t<div class=\"qodef-shortcode qodef-m qodef-info-section qodef-layout--background-text qodef-alignment--left qodef-background-text-pos--top-left\">\n\t<div class=\"qodef-m-background-text\">\n\t\t\t<\/div>\n\t<div class=\"qodef-m-info\">\n\t\t\n\t\t\t\t\t<p class=\"qodef-m-text\" style=\"color: #2A2A2A\">\u00bfPrefieres hablar con alguien? Agenda una llamada de 30 minutos para saber m\u00e1s sobre c\u00f3mo podemos (y debemos) colaborar.<\/p>\n\t\t\t<div class=\"qodef-m-button\">\n\t\t<a class=\"qodef-shortcode qodef-m qodef-button qodef-layout--filled qodef-html--link\" href=\"https:\/\/calendly.com\/helloawelle\/30min?month=2023-11\" target=\"_self\"  >    <span class=\"qodef-btn-icon\"><svg  xmlns=\"http:\/\/www.w3.org\/2000\/svg\" xmlns:xlink=\"http:\/\/www.w3.org\/1999\/xlink\" x=\"0px\" y=\"0px\" width=\"28\" height=\"18\" viewBox=\"0 0 28 18\"  xml:space=\"preserve\"><path d=\"M27.6,8.5c-5.5,0-9.5-8.1-9.5-8.2C17.9,0,17.7,0,17.5,0.1c-0.2,0.1-0.3,0.4-0.1,0.7c0.1,0.3,2.7,5.5,6.7,7.7H0.4C0.2,8.5,0,8.7,0,9c0,0.3,0.2,0.5,0.4,0.5h23.7c-4,2.2-6.6,7.4-6.7,7.7c-0.1,0.2,0,0.5,0.1,0.7c0.2,0.1,0.4,0.1,0.6-0.2c0-0.1,4.1-8.2,9.5-8.2C27.8,9.5,28,9.3,28,9C28,8.7,27.8,8.5,27.6,8.5z\"\/><path d=\"M27.6,8.5c-5.5,0-9.5-8.1-9.5-8.2C17.9,0,17.7,0,17.5,0.1c-0.2,0.1-0.3,0.4-0.1,0.7c0.1,0.3,2.7,5.5,6.7,7.7H0.4C0.2,8.5,0,8.7,0,9c0,0.3,0.2,0.5,0.4,0.5h23.7c-4,2.2-6.6,7.4-6.7,7.7c-0.1,0.2,0,0.5,0.1,0.7c0.2,0.1,0.4,0.1,0.6-0.2c0-0.1,4.1-8.2,9.5-8.2C27.8,9.5,28,9.3,28,9C28,8.7,27.8,8.5,27.6,8.5z\"\/><\/svg><\/span>    <span class=\"qodef-m-text\">Hablemos<\/span><\/a>\t<\/div>\n\t<\/div>\n<\/div>\n\t\t\t\t<\/div>\n\t\t\t\t<\/div>\n\t\t\t\t\t<\/div>\n\t\t<\/div>\n\t\t\t\t\t<\/div>\n\t\t<\/section>\n\t\t\t\t\t<\/div>\n\t\t<\/div>\n\t\t\t\t<div class=\"elementor-column elementor-col-50 elementor-top-column elementor-element elementor-element-ab4f9cf\" data-id=\"ab4f9cf\" data-element_type=\"column\">\n\t\t\t<div class=\"elementor-widget-wrap elementor-element-populated\">\n\t\t\t\t\t\t<div class=\"elementor-element elementor-element-26d66fc elementor-widget__width-inherit elementor-widget elementor-widget-ha-cf7 happy-addon ha-cf7\" data-id=\"26d66fc\" data-element_type=\"widget\" data-widget_type=\"ha-cf7.default\">\n\t\t\t\t<div class=\"elementor-widget-container\">\n\t\t\t\t\t\n<div class=\"wpcf7 no-js\" id=\"wpcf7-f8415-o1\" lang=\"en-US\" dir=\"ltr\" data-wpcf7-id=\"8415\">\n<div class=\"screen-reader-response\"><p role=\"status\" aria-live=\"polite\" aria-atomic=\"true\"><\/p> <ul><\/ul><\/div>\n<form action=\"\/es\/wp-json\/wp\/v2\/pages\/10719#wpcf7-f8415-o1\" method=\"post\" class=\"wpcf7-form init ha-cf7-form\" aria-label=\"Contact form\" novalidate=\"novalidate\" data-status=\"init\">\n<fieldset class=\"hidden-fields-container\"><input type=\"hidden\" name=\"_wpcf7\" value=\"8415\" \/><input type=\"hidden\" name=\"_wpcf7_version\" value=\"6.1.4\" \/><input type=\"hidden\" name=\"_wpcf7_locale\" value=\"en_US\" \/><input type=\"hidden\" name=\"_wpcf7_unit_tag\" value=\"wpcf7-f8415-o1\" \/><input type=\"hidden\" name=\"_wpcf7_container_post\" value=\"0\" \/><input type=\"hidden\" name=\"_wpcf7_posted_data_hash\" value=\"\" \/>\n<\/fieldset>\n<label> Your name\n    <span class=\"wpcf7-form-control-wrap\" data-name=\"your-name\"><input size=\"40\" maxlength=\"400\" class=\"wpcf7-form-control wpcf7-text wpcf7-validates-as-required\" autocomplete=\"name\" aria-required=\"true\" aria-invalid=\"false\" value=\"\" type=\"text\" name=\"your-name\" \/><\/span> <\/label>\n\n<label> Your email\n    <span class=\"wpcf7-form-control-wrap\" data-name=\"your-email\"><input size=\"40\" maxlength=\"400\" class=\"wpcf7-form-control wpcf7-email wpcf7-validates-as-required wpcf7-text wpcf7-validates-as-email\" autocomplete=\"email\" aria-required=\"true\" aria-invalid=\"false\" value=\"\" type=\"email\" name=\"your-email\" \/><\/span> <\/label>\n\n<label> Subject\n    <span class=\"wpcf7-form-control-wrap\" data-name=\"your-subject\"><input size=\"40\" maxlength=\"400\" class=\"wpcf7-form-control wpcf7-text wpcf7-validates-as-required\" aria-required=\"true\" aria-invalid=\"false\" value=\"\" type=\"text\" name=\"your-subject\" \/><\/span> <\/label>\n\n<label> Your message (optional)\n    <span class=\"wpcf7-form-control-wrap\" data-name=\"your-message\"><textarea cols=\"40\" rows=\"10\" maxlength=\"2000\" class=\"wpcf7-form-control wpcf7-textarea\" aria-invalid=\"false\" name=\"your-message\"><\/textarea><\/span> <\/label>\n\n<button class=\"wpcf7-form-control wpcf7-submit qodef-button qodef-size--normal qodef-layout--outlined qodef-m\" type=\"submit\"><span class=\"qodef-btn-icon\"><svg  xmlns=\"http:\/\/www.w3.org\/2000\/svg\" xmlns:xlink=\"http:\/\/www.w3.org\/1999\/xlink\" x=\"0px\" y=\"0px\" width=\"28\" height=\"18\" viewBox=\"0 0 28 18\"  xml:space=\"preserve\"><path d=\"M27.6,8.5c-5.5,0-9.5-8.1-9.5-8.2C17.9,0,17.7,0,17.5,0.1c-0.2,0.1-0.3,0.4-0.1,0.7c0.1,0.3,2.7,5.5,6.7,7.7H0.4C0.2,8.5,0,8.7,0,9c0,0.3,0.2,0.5,0.4,0.5h23.7c-4,2.2-6.6,7.4-6.7,7.7c-0.1,0.2,0,0.5,0.1,0.7c0.2,0.1,0.4,0.1,0.6-0.2c0-0.1,4.1-8.2,9.5-8.2C27.8,9.5,28,9.3,28,9C28,8.7,27.8,8.5,27.6,8.5z\"\/><path d=\"M27.6,8.5c-5.5,0-9.5-8.1-9.5-8.2C17.9,0,17.7,0,17.5,0.1c-0.2,0.1-0.3,0.4-0.1,0.7c0.1,0.3,2.7,5.5,6.7,7.7H0.4C0.2,8.5,0,8.7,0,9c0,0.3,0.2,0.5,0.4,0.5h23.7c-4,2.2-6.6,7.4-6.7,7.7c-0.1,0.2,0,0.5,0.1,0.7c0.2,0.1,0.4,0.1,0.6-0.2c0-0.1,4.1-8.2,9.5-8.2C27.8,9.5,28,9.3,28,9C28,8.7,27.8,8.5,27.6,8.5z\"\/><\/svg><\/span><span class=\"qodef-m-text\">Submit<\/span><\/button><div class=\"wpcf7-response-output\" aria-hidden=\"true\"><\/div>\n<\/form>\n<\/div>\n\t\t\t\t<\/div>\n\t\t\t\t<\/div>\n\t\t\t\t\t<\/div>\n\t\t<\/div>\n\t\t\t\t\t<\/div>\n\t\t<\/section>\n\t\t\t\t<\/div>\n\t\t","protected":false},"excerpt":{"rendered":"<p>escr\u00edbenos Nos encantar\u00eda saber de ti. Si tienes preguntas, comentarios o quieres explorar c\u00f3mo podemos trabajar juntos, no dudes en ponerte en contacto con nosotros. Nuestro equipo est\u00e1 aqu\u00ed para ayudarle y colaborar con usted. Solo tienes que rellenar el formulario, programar una llamada r\u00e1pida, enviarnos un correo electr\u00f3nico, sms, Whatsapp, y nos pondremos en [&hellip;]<\/p>\n","protected":false},"author":1,"featured_media":0,"parent":0,"menu_order":0,"comment_status":"closed","ping_status":"closed","template":"page-full-width.php","meta":{"footnotes":""},"class_list":["post-10719","page","type-page","status-publish","hentry"],"_links":{"self":[{"href":"https:\/\/awelle.co\/es\/wp-json\/wp\/v2\/pages\/10719","targetHints":{"allow":["GET"]}}],"collection":[{"href":"https:\/\/awelle.co\/es\/wp-json\/wp\/v2\/pages"}],"about":[{"href":"https:\/\/awelle.co\/es\/wp-json\/wp\/v2\/types\/page"}],"author":[{"embeddable":true,"href":"https:\/\/awelle.co\/es\/wp-json\/wp\/v2\/users\/1"}],"replies":[{"embeddable":true,"href":"https:\/\/awelle.co\/es\/wp-json\/wp\/v2\/comments?post=10719"}],"version-history":[{"count":4,"href":"https:\/\/awelle.co\/es\/wp-json\/wp\/v2\/pages\/10719\/revisions"}],"predecessor-version":[{"id":10849,"href":"https:\/\/awelle.co\/es\/wp-json\/wp\/v2\/pages\/10719\/revisions\/10849"}],"wp:attachment":[{"href":"https:\/\/awelle.co\/es\/wp-json\/wp\/v2\/media?parent=10719"}],"curies":[{"name":"wp","href":"https:\/\/api.w.org\/{rel}","templated":true}]}}