{"id":10705,"date":"2023-12-02T14:25:49","date_gmt":"2023-12-02T14:25:49","guid":{"rendered":"https:\/\/awelle.co\/politica-de-privacidade-2\/"},"modified":"2025-03-27T16:04:58","modified_gmt":"2025-03-27T16:04:58","slug":"politica-de-privacidade-2","status":"publish","type":"page","link":"https:\/\/awelle.co\/pt-br\/politica-de-privacidade-2\/","title":{"rendered":"pol\u00edtica de privacidade"},"content":{"rendered":"\t\t<div data-elementor-type=\"wp-page\" data-elementor-id=\"10705\" class=\"elementor elementor-10705 elementor-8836\" data-elementor-settings=\"{&quot;ha_cmc_init_switcher&quot;:&quot;no&quot;}\">\n\t\t\t\t<div class=\"elementor-element elementor-element-ef1348d e-flex e-con-boxed qodef-elementor-content-no e-con e-parent\" data-id=\"ef1348d\" data-element_type=\"container\" data-settings=\"{&quot;_ha_eqh_enable&quot;:false}\">\n\t\t\t\t\t<div class=\"e-con-inner\">\n\t\t\t\t<div class=\"elementor-element elementor-element-038c003 elementor-widget elementor-widget-gracey_core_section_title\" data-id=\"038c003\" data-element_type=\"widget\" data-widget_type=\"gracey_core_section_title.default\">\n\t\t\t\t<div class=\"elementor-widget-container\">\n\t\t\t\t\t<div class=\"qodef-shortcode qodef-m qodef-section-title qodef-alignment--left\">\n\t\t<h2 class=\"qodef-m-title\" >\n\t\t\t\t\tPRIVACY POLICIES\t\t\t<\/h2>\n\t<\/div>\n\t\t\t\t<\/div>\n\t\t\t\t<\/div>\n\t\t\t\t<div class=\"elementor-element elementor-element-7abfb00 elementor-widget elementor-widget-text-editor\" data-id=\"7abfb00\" data-element_type=\"widget\" data-widget_type=\"text-editor.default\">\n\t\t\t\t<div class=\"elementor-widget-container\">\n\t\t\t\t\t\t\t\t\t<p><em>\u00daltima atualiza\u00e7\u00e3o: 26 de junho de 2024<\/em><\/p>\n<\/p>\n<p>Obrigado por visitar nosso site. Sua privacidade \u00e9 importante para n\u00f3s. Esta Pol\u00edtica de Privacidade descreve como coletamos, usamos e protegemos suas informa\u00e7\u00f5es quando voc\u00ea visita nosso site e assina nosso newsletter.<\/p>\n<h4>Informa\u00e7\u00f5es coletadas<\/h4>\n<p>As \u00fanicas informa\u00e7\u00f5es que coletamos s\u00e3o o endere\u00e7o de e-mail que voc\u00ea fornece ao entrar em contato conosco ou ao assinar nosso newsletter.<\/p>\n<p>Se n\u00e3o quiser mais receber nossos newsletter, voc\u00ea tem a op\u00e7\u00e3o de cancelar o recebimento a qualquer momento. Cada newsletter incluir\u00e1 um link de cancelamento de assinatura, ou voc\u00ea pode entrar em contato conosco diretamente para ser removido de nossa lista de correspond\u00eancia.<\/p>\n<h4>Servi\u00e7os de terceiros<\/h4>\n<p>Nosso newsletter\u00e9 gerenciado pelo Mailchimp, e a pol\u00edtica de privacidade deles se aplica \u00e0s informa\u00e7\u00f5es que voc\u00ea fornece. Consulte a pol\u00edtica de privacidade do Mailchimp para obter mais informa\u00e7\u00f5es sobre como eles lidam com seus dados.<\/p>\n<h4>Atualiza\u00e7\u00f5es da Pol\u00edtica de Privacidade<\/h4>\n<p>Podemos atualizar nossa Pol\u00edtica de Privacidade de tempos em tempos. Todas as altera\u00e7\u00f5es ser\u00e3o publicadas nesta p\u00e1gina, e a data da \u00faltima atualiza\u00e7\u00e3o ser\u00e1 indicada na parte superior da pol\u00edtica.<\/p>\n<p>Ao usar nosso site e assinar nosso boletim informativo, voc\u00ea concorda com os termos descritos nesta Pol\u00edtica de Privacidade.<\/p>\n<p>Se tiver d\u00favidas ou preocupa\u00e7\u00f5es sobre nossa Pol\u00edtica de Privacidade, entre em contato conosco pelo e-mail hey@awelle.co.<\/p>\n<p>Obrigado por confiar suas informa\u00e7\u00f5es a n\u00f3s.<\/p>\n\t\t\t\t\t\t\t\t<\/div>\n\t\t\t\t<\/div>\n\t\t\t\t\t<\/div>\n\t\t\t\t<\/div>\n\t\t\t\t<\/div>\n\t\t","protected":false},"excerpt":{"rendered":"<p>PRIVACY POLICIES \u00daltima atualiza\u00e7\u00e3o: 26 de junho de 2024 Obrigado por visitar nosso site. Sua privacidade \u00e9 importante para n\u00f3s. Esta Pol\u00edtica de Privacidade descreve como coletamos, usamos e protegemos suas informa\u00e7\u00f5es quando voc\u00ea visita nosso site e assina nosso newsletter. Informa\u00e7\u00f5es coletadas As \u00fanicas informa\u00e7\u00f5es que coletamos s\u00e3o o endere\u00e7o de e-mail que voc\u00ea [&hellip;]<\/p>\n","protected":false},"author":5,"featured_media":0,"parent":0,"menu_order":0,"comment_status":"closed","ping_status":"closed","template":"","meta":{"footnotes":""},"class_list":["post-10705","page","type-page","status-publish","hentry"],"_links":{"self":[{"href":"https:\/\/awelle.co\/pt-br\/wp-json\/wp\/v2\/pages\/10705","targetHints":{"allow":["GET"]}}],"collection":[{"href":"https:\/\/awelle.co\/pt-br\/wp-json\/wp\/v2\/pages"}],"about":[{"href":"https:\/\/awelle.co\/pt-br\/wp-json\/wp\/v2\/types\/page"}],"author":[{"embeddable":true,"href":"https:\/\/awelle.co\/pt-br\/wp-json\/wp\/v2\/users\/5"}],"replies":[{"embeddable":true,"href":"https:\/\/awelle.co\/pt-br\/wp-json\/wp\/v2\/comments?post=10705"}],"version-history":[{"count":1,"href":"https:\/\/awelle.co\/pt-br\/wp-json\/wp\/v2\/pages\/10705\/revisions"}],"predecessor-version":[{"id":10706,"href":"https:\/\/awelle.co\/pt-br\/wp-json\/wp\/v2\/pages\/10705\/revisions\/10706"}],"wp:attachment":[{"href":"https:\/\/awelle.co\/pt-br\/wp-json\/wp\/v2\/media?parent=10705"}],"curies":[{"name":"wp","href":"https:\/\/api.w.org\/{rel}","templated":true}]}}